{"id":374,"date":"2024-03-02T20:13:42","date_gmt":"2024-03-02T23:13:42","guid":{"rendered":"https:\/\/apaeitaunamg.org.br\/site\/?page_id=374"},"modified":"2024-11-13T14:48:53","modified_gmt":"2024-11-13T17:48:53","slug":"saude","status":"publish","type":"page","link":"https:\/\/apaeitaunamg.org.br\/site\/saude\/","title":{"rendered":"Sa\u00fade"},"content":{"rendered":"\t\t<div data-elementor-type=\"wp-page\" data-elementor-id=\"374\" class=\"elementor elementor-374\" data-elementor-post-type=\"page\">\n\t\t\t\t<div class=\"elementor-element elementor-element-d0b28cd e-con-full e-flex e-con e-parent\" data-id=\"d0b28cd\" data-element_type=\"container\">\n\t\t\t\t<div class=\"elementor-element elementor-element-ceb7dc8 elementor-widget elementor-widget-image\" data-id=\"ceb7dc8\" data-element_type=\"widget\" data-widget_type=\"image.default\">\n\t\t\t\t<div class=\"elementor-widget-container\">\n\t\t\t\t\t\t\t\t\t\t\t\t\t<img fetchpriority=\"high\" decoding=\"async\" width=\"1920\" height=\"600\" src=\"https:\/\/apaeitaunamg.org.br\/site\/wp-content\/uploads\/2024\/10\/saude_Prancheta-1.webp\" class=\"attachment-full size-full wp-image-931\" alt=\"\" srcset=\"https:\/\/apaeitaunamg.org.br\/site\/wp-content\/uploads\/2024\/10\/saude_Prancheta-1.webp 1920w, https:\/\/apaeitaunamg.org.br\/site\/wp-content\/uploads\/2024\/10\/saude_Prancheta-1-300x94.webp 300w, https:\/\/apaeitaunamg.org.br\/site\/wp-content\/uploads\/2024\/10\/saude_Prancheta-1-1024x320.webp 1024w, https:\/\/apaeitaunamg.org.br\/site\/wp-content\/uploads\/2024\/10\/saude_Prancheta-1-768x240.webp 768w, https:\/\/apaeitaunamg.org.br\/site\/wp-content\/uploads\/2024\/10\/saude_Prancheta-1-1536x480.webp 1536w\" sizes=\"(max-width: 1920px) 100vw, 1920px\" \/>\t\t\t\t\t\t\t\t\t\t\t\t\t<\/div>\n\t\t\t\t<\/div>\n\t\t\t\t<\/div>\n\t\t<div class=\"elementor-element elementor-element-5d182bb e-flex e-con-boxed e-con e-parent\" data-id=\"5d182bb\" data-element_type=\"container\">\n\t\t\t\t\t<div class=\"e-con-inner\">\n\t\t\t\t<div class=\"elementor-element elementor-element-15b31c9 elementor-view-default elementor-widget elementor-widget-icon\" data-id=\"15b31c9\" data-element_type=\"widget\" data-widget_type=\"icon.default\">\n\t\t\t\t<div class=\"elementor-widget-container\">\n\t\t\t\t\t<div class=\"elementor-icon-wrapper\">\n\t\t\t<div class=\"elementor-icon\">\n\t\t\t<svg aria-hidden=\"true\" class=\"e-font-icon-svg e-far-window-maximize\" viewBox=\"0 0 512 512\" xmlns=\"http:\/\/www.w3.org\/2000\/svg\"><path d=\"M464 32H48C21.5 32 0 53.5 0 80v352c0 26.5 21.5 48 48 48h416c26.5 0 48-21.5 48-48V80c0-26.5-21.5-48-48-48zm0 394c0 3.3-2.7 6-6 6H54c-3.3 0-6-2.7-6-6V192h416v234z\"><\/path><\/svg>\t\t\t<\/div>\n\t\t<\/div>\n\t\t\t\t<\/div>\n\t\t\t\t<\/div>\n\t\t\t\t<div class=\"elementor-element elementor-element-cb470d0 elementor-widget elementor-widget-heading\" data-id=\"cb470d0\" data-element_type=\"widget\" data-widget_type=\"heading.default\">\n\t\t\t\t<div class=\"elementor-widget-container\">\n\t\t\t<h2 class=\"elementor-heading-title elementor-size-default\">sa\u00fade<\/h2>\t\t<\/div>\n\t\t\t\t<\/div>\n\t\t\t\t\t<\/div>\n\t\t\t\t<\/div>\n\t\t<div class=\"elementor-element elementor-element-8950ee8 e-flex e-con-boxed e-con e-parent\" data-id=\"8950ee8\" data-element_type=\"container\">\n\t\t\t\t\t<div class=\"e-con-inner\">\n\t\t\t\t<div class=\"elementor-element elementor-element-638036a elementor-widget elementor-widget-text-editor\" data-id=\"638036a\" data-element_type=\"widget\" data-widget_type=\"text-editor.default\">\n\t\t\t\t<div class=\"elementor-widget-container\">\n\t\t\t\t\t\t\t<p>Nossa principal causa \u00e9 promover a habilita\u00e7\u00e3o e reabilita\u00e7\u00e3o da pessoa com defici\u00eancia e de sua fam\u00edlia, de forma continuada, por meio de servi\u00e7os, programas e projetos nas \u00e1reas da sa\u00fade com vistas \u00e0 redu\u00e7\u00e3o de impedimentos e barreiras que dificultem a inclus\u00e3o social, o acesso aos direitos e \u00e0 participa\u00e7\u00e3o plena e efetiva dessas pessoas na sociedade.<\/p><p>O eixo da Sa\u00fade da <strong>APAE de Ita\u00fana<\/strong> funciona em im\u00f3vel pr\u00f3prio localizado no bairro ch\u00e1cara do quit\u00e3o, e oferece atendimentos de habilita\u00e7\u00e3o e reabilita\u00e7\u00e3o pedi\u00e1trica, neurol\u00f3gica e neuropedi\u00e1trica. Tamb\u00e9m oferecemos atendimentos ambulatoriais nas \u00e1reas de fisioterapia, fonoaudiologia, terapia ocupacional, psicologia e nutri\u00e7\u00e3o, com o apoio da equipe de assist\u00eancia social.<\/p><p>A fim de proporcionar \u00e0 pessoa com defici\u00eancia intelectual e m\u00faltipla\/autismo, aten\u00e7\u00e3o integral \u00e0 sa\u00fade e promo\u00e7\u00e3o da qualidade de vida, a o eixo da sa\u00fade da APAE de Ita\u00fana oferece atendimentos personalizados em modelo individual ou em grupo, inova\u00e7\u00e3o tecnol\u00f3gica e reabilita\u00e7\u00e3o em diversos contextos da vida do usu\u00e1rio. As atividades visam estimular a capacidade funcional e o desempenho humano dos usu\u00e1rios, contribuindo para sua inclus\u00e3o social e prevenindo agravos que determinam o surgimento de novas defici\u00eancias.<\/p><p>Dentro desta perspectiva, a institui\u00e7\u00e3o tem investido na aquisi\u00e7\u00e3o de novos equipamentos a fim de permitir o acesso de seus usu\u00e1rios a viv\u00eancias e aprendizados que talvez n\u00e3o tivessem devido \u00e0 defici\u00eancia na fun\u00e7\u00e3o e\/ou na estrutura do corpo.<\/p><p><strong>O Instituto Santa M\u00f4nica (APAE)<\/strong> adota uma vis\u00e3o biopsicossocial da pessoa com defici\u00eancia e, para tanto, com o objetivo de atender \u00e0s suas necessidades espec\u00edficas, baseia-se na fam\u00edlia e na integra\u00e7\u00e3o da equipe, o que permite estabelecer um programa de reabilita\u00e7\u00e3o mais eficiente.<\/p><p>A equipe \u00e9 altamente capacitada e orientada para as necessidades de nossos pacientes e suas fam\u00edlias. Al\u00e9m disso, os resultados alcan\u00e7ados nesse processo s\u00e3o avaliados junto aos usu\u00e1rios e familiares atrav\u00e9s de aplica\u00e7\u00e3o de protocolos espec\u00edficos, desenvolvendo o plano terap\u00eautico que atenda a demanda da fam\u00edlia e da crian\u00e7a.<\/p><p>Atualmente a APAE possui duas equipes de atendimentos. A equipe de ESTIMULA\u00c7\u00c3O PRECOCE atende a faixa et\u00e1ria de 0 a 6 anos e 11 meses, a equipe MULTIDIMENSIONAL atende a faixa et\u00e1ria acima de 6 anos e 11 meses.<\/p>\t\t\t\t\t\t<\/div>\n\t\t\t\t<\/div>\n\t\t\t\t\t<\/div>\n\t\t\t\t<\/div>\n\t\t<div class=\"elementor-element elementor-element-551c994 e-flex e-con-boxed e-con e-parent\" data-id=\"551c994\" data-element_type=\"container\">\n\t\t\t\t\t<div class=\"e-con-inner\">\n\t\t\t\t<div class=\"elementor-element elementor-element-bf044d2 elementor-skin-carousel elementor-arrows-yes elementor-pagination-type-bullets elementor-pagination-position-outside elementor-widget elementor-widget-media-carousel\" data-id=\"bf044d2\" data-element_type=\"widget\" data-settings=\"{&quot;skin&quot;:&quot;carousel&quot;,&quot;effect&quot;:&quot;slide&quot;,&quot;show_arrows&quot;:&quot;yes&quot;,&quot;pagination&quot;:&quot;bullets&quot;,&quot;speed&quot;:500,&quot;autoplay&quot;:&quot;yes&quot;,&quot;autoplay_speed&quot;:5000,&quot;loop&quot;:&quot;yes&quot;,&quot;pause_on_hover&quot;:&quot;yes&quot;,&quot;pause_on_interaction&quot;:&quot;yes&quot;,&quot;space_between&quot;:{&quot;unit&quot;:&quot;px&quot;,&quot;size&quot;:10,&quot;sizes&quot;:[]},&quot;space_between_tablet&quot;:{&quot;unit&quot;:&quot;px&quot;,&quot;size&quot;:10,&quot;sizes&quot;:[]},&quot;space_between_mobile&quot;:{&quot;unit&quot;:&quot;px&quot;,&quot;size&quot;:10,&quot;sizes&quot;:[]}}\" data-widget_type=\"media-carousel.default\">\n\t\t\t\t<div class=\"elementor-widget-container\">\n\t\t\t\t\t<div class=\"elementor-swiper\">\n\t\t\t<div class=\"elementor-main-swiper swiper\">\n\t\t\t\t<div class=\"swiper-wrapper\">\n\t\t\t\t\t\t\t\t\t\t\t<div class=\"swiper-slide\">\n\t\t\t\t\t\t\t<a href=\"http:\/\/apaeitaunamg.org.br\/site\/wp-content\/uploads\/2024\/10\/saude7.webp\" data-elementor-open-lightbox=\"yes\" data-elementor-lightbox-slideshow=\"bf044d2\" data-elementor-lightbox-title=\"saude7\" data-e-action-hash=\"#elementor-action%3Aaction%3Dlightbox%26settings%3DeyJpZCI6OTYxLCJ1cmwiOiJodHRwczpcL1wvYXBhZWl0YXVuYW1nLm9yZy5iclwvc2l0ZVwvd3AtY29udGVudFwvdXBsb2Fkc1wvMjAyNFwvMTBcL3NhdWRlNy53ZWJwIiwic2xpZGVzaG93IjoiYmYwNDRkMiJ9\">\t\t<div class=\"elementor-carousel-image\" role=\"img\" aria-label=\"saude7\" style=\"background-image: url(&#039;https:\/\/apaeitaunamg.org.br\/site\/wp-content\/uploads\/2024\/10\/saude7.webp&#039;)\">\n\n\t\t\t\n\t\t\t\t\t<\/div>\n\t\t<\/a>\t\t\t\t\t\t<\/div>\n\t\t\t\t\t\t\t\t\t\t\t<div class=\"swiper-slide\">\n\t\t\t\t\t\t\t<a href=\"http:\/\/apaeitaunamg.org.br\/site\/wp-content\/uploads\/2024\/10\/saude6.webp\" data-elementor-open-lightbox=\"yes\" data-elementor-lightbox-slideshow=\"bf044d2\" data-elementor-lightbox-title=\"saude6\" data-e-action-hash=\"#elementor-action%3Aaction%3Dlightbox%26settings%3DeyJpZCI6OTYwLCJ1cmwiOiJodHRwczpcL1wvYXBhZWl0YXVuYW1nLm9yZy5iclwvc2l0ZVwvd3AtY29udGVudFwvdXBsb2Fkc1wvMjAyNFwvMTBcL3NhdWRlNi53ZWJwIiwic2xpZGVzaG93IjoiYmYwNDRkMiJ9\">\t\t<div class=\"elementor-carousel-image\" role=\"img\" aria-label=\"saude6\" style=\"background-image: url(&#039;https:\/\/apaeitaunamg.org.br\/site\/wp-content\/uploads\/2024\/10\/saude6.webp&#039;)\">\n\n\t\t\t\n\t\t\t\t\t<\/div>\n\t\t<\/a>\t\t\t\t\t\t<\/div>\n\t\t\t\t\t\t\t\t\t\t\t<div class=\"swiper-slide\">\n\t\t\t\t\t\t\t<a href=\"http:\/\/apaeitaunamg.org.br\/site\/wp-content\/uploads\/2024\/10\/saude-5.webp\" data-elementor-open-lightbox=\"yes\" data-elementor-lightbox-slideshow=\"bf044d2\" data-elementor-lightbox-title=\"saude-5\" data-e-action-hash=\"#elementor-action%3Aaction%3Dlightbox%26settings%3DeyJpZCI6OTU5LCJ1cmwiOiJodHRwczpcL1wvYXBhZWl0YXVuYW1nLm9yZy5iclwvc2l0ZVwvd3AtY29udGVudFwvdXBsb2Fkc1wvMjAyNFwvMTBcL3NhdWRlLTUud2VicCIsInNsaWRlc2hvdyI6ImJmMDQ0ZDIifQ%3D%3D\">\t\t<div class=\"elementor-carousel-image\" role=\"img\" aria-label=\"saude-5\" style=\"background-image: url(&#039;https:\/\/apaeitaunamg.org.br\/site\/wp-content\/uploads\/2024\/10\/saude-5.webp&#039;)\">\n\n\t\t\t\n\t\t\t\t\t<\/div>\n\t\t<\/a>\t\t\t\t\t\t<\/div>\n\t\t\t\t\t\t\t\t\t\t\t<div class=\"swiper-slide\">\n\t\t\t\t\t\t\t<a href=\"http:\/\/apaeitaunamg.org.br\/site\/wp-content\/uploads\/2024\/10\/saude-4.webp\" data-elementor-open-lightbox=\"yes\" data-elementor-lightbox-slideshow=\"bf044d2\" data-elementor-lightbox-title=\"saude-4\" data-e-action-hash=\"#elementor-action%3Aaction%3Dlightbox%26settings%3DeyJpZCI6OTU4LCJ1cmwiOiJodHRwczpcL1wvYXBhZWl0YXVuYW1nLm9yZy5iclwvc2l0ZVwvd3AtY29udGVudFwvdXBsb2Fkc1wvMjAyNFwvMTBcL3NhdWRlLTQud2VicCIsInNsaWRlc2hvdyI6ImJmMDQ0ZDIifQ%3D%3D\">\t\t<div class=\"elementor-carousel-image\" role=\"img\" aria-label=\"saude-4\" style=\"background-image: url(&#039;https:\/\/apaeitaunamg.org.br\/site\/wp-content\/uploads\/2024\/10\/saude-4.webp&#039;)\">\n\n\t\t\t\n\t\t\t\t\t<\/div>\n\t\t<\/a>\t\t\t\t\t\t<\/div>\n\t\t\t\t\t\t\t\t\t\t\t<div class=\"swiper-slide\">\n\t\t\t\t\t\t\t<a href=\"http:\/\/apaeitaunamg.org.br\/site\/wp-content\/uploads\/2024\/10\/saude-3-1.webp\" data-elementor-open-lightbox=\"yes\" data-elementor-lightbox-slideshow=\"bf044d2\" data-elementor-lightbox-title=\"saude-3\" data-e-action-hash=\"#elementor-action%3Aaction%3Dlightbox%26settings%3DeyJpZCI6OTU3LCJ1cmwiOiJodHRwczpcL1wvYXBhZWl0YXVuYW1nLm9yZy5iclwvc2l0ZVwvd3AtY29udGVudFwvdXBsb2Fkc1wvMjAyNFwvMTBcL3NhdWRlLTMtMS53ZWJwIiwic2xpZGVzaG93IjoiYmYwNDRkMiJ9\">\t\t<div class=\"elementor-carousel-image\" role=\"img\" aria-label=\"saude-3\" style=\"background-image: url(&#039;https:\/\/apaeitaunamg.org.br\/site\/wp-content\/uploads\/2024\/10\/saude-3-1.webp&#039;)\">\n\n\t\t\t\n\t\t\t\t\t<\/div>\n\t\t<\/a>\t\t\t\t\t\t<\/div>\n\t\t\t\t\t\t\t\t\t\t\t<div class=\"swiper-slide\">\n\t\t\t\t\t\t\t<a href=\"http:\/\/apaeitaunamg.org.br\/site\/wp-content\/uploads\/2024\/10\/saude2-1.webp\" data-elementor-open-lightbox=\"yes\" data-elementor-lightbox-slideshow=\"bf044d2\" data-elementor-lightbox-title=\"saude2\" data-e-action-hash=\"#elementor-action%3Aaction%3Dlightbox%26settings%3DeyJpZCI6OTU2LCJ1cmwiOiJodHRwczpcL1wvYXBhZWl0YXVuYW1nLm9yZy5iclwvc2l0ZVwvd3AtY29udGVudFwvdXBsb2Fkc1wvMjAyNFwvMTBcL3NhdWRlMi0xLndlYnAiLCJzbGlkZXNob3ciOiJiZjA0NGQyIn0%3D\">\t\t<div class=\"elementor-carousel-image\" role=\"img\" aria-label=\"saude2\" style=\"background-image: url(&#039;https:\/\/apaeitaunamg.org.br\/site\/wp-content\/uploads\/2024\/10\/saude2-1.webp&#039;)\">\n\n\t\t\t\n\t\t\t\t\t<\/div>\n\t\t<\/a>\t\t\t\t\t\t<\/div>\n\t\t\t\t\t\t\t\t\t\t\t<div class=\"swiper-slide\">\n\t\t\t\t\t\t\t<a href=\"http:\/\/apaeitaunamg.org.br\/site\/wp-content\/uploads\/2024\/10\/saude-1-1.webp\" data-elementor-open-lightbox=\"yes\" data-elementor-lightbox-slideshow=\"bf044d2\" data-elementor-lightbox-title=\"saude-1\" data-e-action-hash=\"#elementor-action%3Aaction%3Dlightbox%26settings%3DeyJpZCI6OTU1LCJ1cmwiOiJodHRwczpcL1wvYXBhZWl0YXVuYW1nLm9yZy5iclwvc2l0ZVwvd3AtY29udGVudFwvdXBsb2Fkc1wvMjAyNFwvMTBcL3NhdWRlLTEtMS53ZWJwIiwic2xpZGVzaG93IjoiYmYwNDRkMiJ9\">\t\t<div class=\"elementor-carousel-image\" role=\"img\" aria-label=\"saude-1\" style=\"background-image: url(&#039;https:\/\/apaeitaunamg.org.br\/site\/wp-content\/uploads\/2024\/10\/saude-1-1.webp&#039;)\">\n\n\t\t\t\n\t\t\t\t\t<\/div>\n\t\t<\/a>\t\t\t\t\t\t<\/div>\n\t\t\t\t\t\t\t\t\t<\/div>\n\t\t\t\t\t\t\t\t\t\t\t\t\t\t\t<div class=\"swiper-pagination\"><\/div>\n\t\t\t\t\t\t\t\t\t\t\t\t\t\t\t\t<div class=\"elementor-swiper-button elementor-swiper-button-prev\" role=\"button\" tabindex=\"0\">\n\t\t\t\t\t\t\t<svg aria-hidden=\"true\" class=\"e-font-icon-svg e-eicon-chevron-left\" viewBox=\"0 0 1000 1000\" xmlns=\"http:\/\/www.w3.org\/2000\/svg\"><path d=\"M646 125C629 125 613 133 604 142L308 442C296 454 292 471 292 487 292 504 296 521 308 533L604 854C617 867 629 875 646 875 663 875 679 871 692 858 704 846 713 829 713 812 713 796 708 779 692 767L438 487 692 225C700 217 708 204 708 187 708 171 704 154 692 142 675 129 663 125 646 125Z\"><\/path><\/svg>\t\t\t\t\t\t\t<span class=\"elementor-screen-only\">Anterior<\/span>\n\t\t\t\t\t\t<\/div>\n\t\t\t\t\t\t<div class=\"elementor-swiper-button elementor-swiper-button-next\" role=\"button\" tabindex=\"0\">\n\t\t\t\t\t\t\t<svg aria-hidden=\"true\" class=\"e-font-icon-svg e-eicon-chevron-right\" viewBox=\"0 0 1000 1000\" xmlns=\"http:\/\/www.w3.org\/2000\/svg\"><path d=\"M696 533C708 521 713 504 713 487 713 471 708 454 696 446L400 146C388 133 375 125 354 125 338 125 325 129 313 142 300 154 292 171 292 187 292 204 296 221 308 233L563 492 304 771C292 783 288 800 288 817 288 833 296 850 308 863 321 871 338 875 354 875 371 875 388 867 400 854L696 533Z\"><\/path><\/svg>\t\t\t\t\t\t\t<span class=\"elementor-screen-only\">Pr\u00f3ximo<\/span>\n\t\t\t\t\t\t<\/div>\n\t\t\t\t\t\t\t\t\t\t\t\t<\/div>\n\t\t<\/div>\n\t\t\t\t<\/div>\n\t\t\t\t<\/div>\n\t\t\t\t\t<\/div>\n\t\t\t\t<\/div>\n\t\t<div class=\"elementor-element elementor-element-1ad2f05 e-flex e-con-boxed e-con e-parent\" data-id=\"1ad2f05\" data-element_type=\"container\">\n\t\t\t\t\t<div class=\"e-con-inner\">\n\t\t\t\t<div class=\"elementor-element elementor-element-e92267f elementor-widget elementor-widget-text-editor\" data-id=\"e92267f\" data-element_type=\"widget\" data-widget_type=\"text-editor.default\">\n\t\t\t\t<div class=\"elementor-widget-container\">\n\t\t\t\t\t\t\t<p><b>Fluxo de Entrada para as terapias oferecidas pela APAE:<\/b><br \/>Direto na APAE: Os Pais\/Respons\u00e1veis por crian\u00e7as de at\u00e9 2 anos de idade podem procurar o servi\u00e7o de maneira espont\u00e2nea, os acolhimentos s\u00e3o realizados nas segundas-feiras de 13:00 \u00e0s 15:30.<br \/>Contato da APAE: (37) 3243-7612<\/p><p><b>Junta Reguladora:<\/b> Para crian\u00e7as acima de 2 anos os Pais\/respons\u00e1veis devem procurar a JUNTA REGULADORA na secretaria de sa\u00fade de Ita\u00fana (Dr. Ov\u00eddio), ap\u00f3s avalia\u00e7\u00e3o pr\u00e9via dos profissionais de sa\u00fade da secretaria municipal do munic\u00edpio os poss\u00edveis pacientes ser\u00e3o encaminhados para a avalia\u00e7\u00e3o multidisciplinar da APAE.<br \/>Contato da secretaria de sa\u00fade para melhor e maiores informa\u00e7\u00f5es da agenda: (37) 3241-4999.<br \/>Agenda de acolhimento no Dr. Ouv\u00eddio: segunda-feira 10:00 \u00e0s 11:00 e Quarta-feira de 10:30 \u00e0s 11:00.<\/p><p><b>Somos Refer\u00eancia:<\/b><br \/>O Instituto Santa M\u00f4nica se encontra no Sistema Integrado de Gest\u00e3o de Apaes (SIGA) como refer\u00eancia no servi\u00e7o de estimula\u00e7\u00e3o precoce. O SIGA visa promover o interc\u00e2mbio de boas pr\u00e1ticas de gest\u00e3o entre as APAES. Trata-se de um instrumento de apoio pr\u00e1tico de capacita\u00e7\u00e3o que os Conselheiros e Consultores T\u00e9cnicos Regionais e Estaduais podem utilizar para orientar as APAES que desejam implantar ou aperfei\u00e7oar seus programas e servi\u00e7os.<\/p><p><b>O que \u00e9 a Estimula\u00e7\u00e3o Precoce:<\/b><\/p><p>A estimula\u00e7\u00e3o precoce \u00e9 um termo que abrange uma variedade de est\u00edmulos para auxiliar o desenvolvimento motor e cognitivo de lactentes e crian\u00e7as. Pode ser definida como um programa de acompanhamento e tratamento multiprofissional para rec\u00e9m-nascidos de risco ou com alguma defici\u00eancia, assim como orienta\u00e7\u00e3o para a fam\u00edlia. O programa de estimula\u00e7\u00e3o precoce objetiva o atendimento de crian\u00e7as, envolvendo tipicamente terapias tradicionais como fisioterapia, terapia ocupacional e fonoaudiologia, psicologia e treinamento orientativo para os Pais\/Respons\u00e1veis.<\/p><p><b>Nosso Impacto na Sa\u00fade:<\/b><\/p><p>+ de 120 novas crian\u00e7as\/adolescentes avaliadas e inseridas no nosso acolhimento em 2022.<br \/>+ de 630 fam\u00edlias atendidas por m\u00eas.<br \/>+ de 25.000 mil atendimentos cl\u00ednicos realizados no ano de 2022.<br \/>+ de 40 usu\u00e1rios encaminhados para o mercado de trabalho em 2022.<br \/>+ de 260 crian\u00e7as\/adolescentes\/adultos em fila de espera aguardando atendimento.<\/p><p><b>Servi\u00e7os Oferecidos:<\/b><br \/>Atendimento de fisioterapia.<br \/>Atendimentos de fonoaudiologia.<br \/>Atendimentos de Psicologia para pacientes e Pa\u00eds\/Respons\u00e1veis.Atendimento de Terapia Ocupacional.<br \/>Treinamento de Pa\u00eds (Voltado para as fam\u00edlias que buscam entender melhor a condi\u00e7\u00e3o de seus filhos e quais as t\u00e9cnicas\/comportamentos a serem usadas na abordagem\/condu\u00e7\u00e3o di\u00e1ria do tratamento das crian\u00e7as).<br \/>Assist\u00eancia social para as fam\u00edlias de pessoas com defici\u00eancia intelectual e\/ou m\u00faltipla.<\/p>\t\t\t\t\t\t<\/div>\n\t\t\t\t<\/div>\n\t\t\t\t\t<\/div>\n\t\t\t\t<\/div>\n\t\t\t\t<\/div>\n\t\t","protected":false},"excerpt":{"rendered":"<p>sa\u00fade Nossa principal causa \u00e9 promover a habilita\u00e7\u00e3o e reabilita\u00e7\u00e3o da pessoa com defici\u00eancia e de sua fam\u00edlia, de forma continuada, por meio de servi\u00e7os, programas e projetos nas \u00e1reas da sa\u00fade com vistas \u00e0 redu\u00e7\u00e3o de impedimentos e barreiras que dificultem a inclus\u00e3o social, o acesso aos direitos e \u00e0 participa\u00e7\u00e3o plena e efetiva [&hellip;]<\/p>\n","protected":false},"author":1,"featured_media":0,"parent":0,"menu_order":0,"comment_status":"closed","ping_status":"closed","template":"","meta":{"footnotes":""},"class_list":["post-374","page","type-page","status-publish","hentry"],"_links":{"self":[{"href":"https:\/\/apaeitaunamg.org.br\/site\/wp-json\/wp\/v2\/pages\/374","targetHints":{"allow":["GET"]}}],"collection":[{"href":"https:\/\/apaeitaunamg.org.br\/site\/wp-json\/wp\/v2\/pages"}],"about":[{"href":"https:\/\/apaeitaunamg.org.br\/site\/wp-json\/wp\/v2\/types\/page"}],"author":[{"embeddable":true,"href":"https:\/\/apaeitaunamg.org.br\/site\/wp-json\/wp\/v2\/users\/1"}],"replies":[{"embeddable":true,"href":"https:\/\/apaeitaunamg.org.br\/site\/wp-json\/wp\/v2\/comments?post=374"}],"version-history":[{"count":34,"href":"https:\/\/apaeitaunamg.org.br\/site\/wp-json\/wp\/v2\/pages\/374\/revisions"}],"predecessor-version":[{"id":1234,"href":"https:\/\/apaeitaunamg.org.br\/site\/wp-json\/wp\/v2\/pages\/374\/revisions\/1234"}],"wp:attachment":[{"href":"https:\/\/apaeitaunamg.org.br\/site\/wp-json\/wp\/v2\/media?parent=374"}],"curies":[{"name":"wp","href":"https:\/\/api.w.org\/{rel}","templated":true}]}}