{"id":457,"date":"2024-03-05T16:28:43","date_gmt":"2024-03-05T19:28:43","guid":{"rendered":"https:\/\/apaeitaunamg.org.br\/site\/?page_id=457"},"modified":"2024-10-08T15:52:28","modified_gmt":"2024-10-08T18:52:28","slug":"historia","status":"publish","type":"page","link":"https:\/\/apaeitaunamg.org.br\/site\/historia\/","title":{"rendered":"Hist\u00f3ria"},"content":{"rendered":"\t\t<div data-elementor-type=\"wp-page\" data-elementor-id=\"457\" class=\"elementor elementor-457\" data-elementor-post-type=\"page\">\n\t\t\t\t<div class=\"elementor-element elementor-element-392e917 e-con-full e-flex e-con e-parent\" data-id=\"392e917\" data-element_type=\"container\">\n\t\t\t\t<div class=\"elementor-element elementor-element-38ac21d elementor-widget elementor-widget-image\" data-id=\"38ac21d\" data-element_type=\"widget\" data-widget_type=\"image.default\">\n\t\t\t\t<div class=\"elementor-widget-container\">\n\t\t\t\t\t\t\t\t\t\t\t\t\t<img fetchpriority=\"high\" decoding=\"async\" width=\"1920\" height=\"600\" src=\"https:\/\/apaeitaunamg.org.br\/site\/wp-content\/uploads\/2024\/10\/fotos-internas_Prancheta-1.webp\" class=\"attachment-full size-full wp-image-1054\" alt=\"\" srcset=\"https:\/\/apaeitaunamg.org.br\/site\/wp-content\/uploads\/2024\/10\/fotos-internas_Prancheta-1.webp 1920w, https:\/\/apaeitaunamg.org.br\/site\/wp-content\/uploads\/2024\/10\/fotos-internas_Prancheta-1-300x94.webp 300w, https:\/\/apaeitaunamg.org.br\/site\/wp-content\/uploads\/2024\/10\/fotos-internas_Prancheta-1-1024x320.webp 1024w, https:\/\/apaeitaunamg.org.br\/site\/wp-content\/uploads\/2024\/10\/fotos-internas_Prancheta-1-768x240.webp 768w, https:\/\/apaeitaunamg.org.br\/site\/wp-content\/uploads\/2024\/10\/fotos-internas_Prancheta-1-1536x480.webp 1536w\" sizes=\"(max-width: 1920px) 100vw, 1920px\" \/>\t\t\t\t\t\t\t\t\t\t\t\t\t<\/div>\n\t\t\t\t<\/div>\n\t\t\t\t<\/div>\n\t\t<div class=\"elementor-element elementor-element-206dc4bf e-flex e-con-boxed e-con e-parent\" data-id=\"206dc4bf\" data-element_type=\"container\">\n\t\t\t\t\t<div class=\"e-con-inner\">\n\t\t\t\t<div class=\"elementor-element elementor-element-4f442a9c elementor-view-default elementor-widget elementor-widget-icon\" data-id=\"4f442a9c\" data-element_type=\"widget\" data-widget_type=\"icon.default\">\n\t\t\t\t<div class=\"elementor-widget-container\">\n\t\t\t\t\t<div class=\"elementor-icon-wrapper\">\n\t\t\t<div class=\"elementor-icon\">\n\t\t\t<svg aria-hidden=\"true\" class=\"e-font-icon-svg e-far-window-maximize\" viewBox=\"0 0 512 512\" xmlns=\"http:\/\/www.w3.org\/2000\/svg\"><path d=\"M464 32H48C21.5 32 0 53.5 0 80v352c0 26.5 21.5 48 48 48h416c26.5 0 48-21.5 48-48V80c0-26.5-21.5-48-48-48zm0 394c0 3.3-2.7 6-6 6H54c-3.3 0-6-2.7-6-6V192h416v234z\"><\/path><\/svg>\t\t\t<\/div>\n\t\t<\/div>\n\t\t\t\t<\/div>\n\t\t\t\t<\/div>\n\t\t\t\t<div class=\"elementor-element elementor-element-37a490b1 elementor-widget elementor-widget-heading\" data-id=\"37a490b1\" data-element_type=\"widget\" data-widget_type=\"heading.default\">\n\t\t\t\t<div class=\"elementor-widget-container\">\n\t\t\t<h2 class=\"elementor-heading-title elementor-size-default\">Hist\u00f3ria<\/h2>\t\t<\/div>\n\t\t\t\t<\/div>\n\t\t\t\t\t<\/div>\n\t\t\t\t<\/div>\n\t\t<div class=\"elementor-element elementor-element-552bab80 e-flex e-con-boxed e-con e-parent\" data-id=\"552bab80\" data-element_type=\"container\">\n\t\t\t\t\t<div class=\"e-con-inner\">\n\t\t\t\t<div class=\"elementor-element elementor-element-aa75b1 elementor-widget elementor-widget-spacer\" data-id=\"aa75b1\" data-element_type=\"widget\" data-widget_type=\"spacer.default\">\n\t\t\t\t<div class=\"elementor-widget-container\">\n\t\t\t\t\t<div class=\"elementor-spacer\">\n\t\t\t<div class=\"elementor-spacer-inner\"><\/div>\n\t\t<\/div>\n\t\t\t\t<\/div>\n\t\t\t\t<\/div>\n\t\t\t\t<div class=\"elementor-element elementor-element-1c7ceb44 elementor-widget elementor-widget-text-editor\" data-id=\"1c7ceb44\" data-element_type=\"widget\" data-widget_type=\"text-editor.default\">\n\t\t\t\t<div class=\"elementor-widget-container\">\n\t\t\t\t\t\t\t<p><strong>O Instituto Santa M\u00f4nica \u2013 APAE de Ita\u00fana<\/strong> \u00e9 uma organiza\u00e7\u00e3o n\u00e3o governamental, fundada em 1970, de car\u00e1ter filantr\u00f3pico, que atua nas \u00e1reas de Assist\u00eancia Social, Educa\u00e7\u00e3o e Sa\u00fade. \u00c9 uma entidade parceira dos poderes p\u00fablicos Municipal, Estadual e Federal, atrav\u00e9s de conv\u00eanios. Tem tamb\u00e9m na comunidade, pessoas, com\u00e9rcio e ind\u00fastrias, fonte de sustenta\u00e7\u00e3o financeira, atrav\u00e9s de doa\u00e7\u00f5es.<\/p><p><span style=\"color: var( --e-global-color-text ); font-family: var( --e-global-typography-text-font-family ), Sans-serif; font-weight: var( --e-global-typography-text-font-weight ); text-align: var(--text-align); font-size: 1rem;\">A associa\u00e7\u00e3o tem como miss\u00e3o em garantir os direitos da pessoa com defici\u00eancia intelectual e m\u00faltipla com autismo e suas fam\u00edlias.<\/span><\/p>\n<p>Somos uma associa\u00e7\u00e3o que atende mais de oitocentas pessoas e que realiza mais de um mil e trezentos atendimentos por m\u00eas.<\/p>\n<p>Atendemos beb\u00ea, crian\u00e7as, adolescentes, adultos e idosos com defici\u00eancia intelectual, m\u00faltipla e autismo.<\/p>\n<p>A associa\u00e7\u00e3o fornece atendimentos distribu\u00eddos em tr\u00eas eixos, sa\u00fade, educa\u00e7\u00e3o e assist\u00eancia social.<\/p>\n<p>Na sa\u00fade, s\u00e3o disponibilizados atendimentos de fisioterapia, terapia ocupacional, musicoterapia, fonoaudiologia, psicologia e consultas m\u00e9dicas de pediatras e neurologistas.<\/p>\n<p>No eixo da educa\u00e7\u00e3o, a associa\u00e7\u00e3o possui a sua escola especial come\u00e7ando na educa\u00e7\u00e3o infantil, ensino fundamental e EJA.<\/p>\n<p>A assist\u00eancia social realiza o atendimento da qualifica\u00e7\u00e3o profissional onde jovens e adultos s\u00e3o instru\u00eddos a desempenharem fun\u00e7\u00f5es como em uma empresa, obedecendo hierarquias, senso de responsabilidade, organiza\u00e7\u00e3o e aprende tamb\u00e9m sobre direitos do trabalhador. Atrav\u00e9s deste trabalho, os alunos s\u00e3o encaminhados para o mercado de trabalho e serem inclusos com os direitos e deveres de todo cidad\u00e3o.<\/p>\n<p>O eixo tamb\u00e9m atende pessoas que n\u00e3o se enquadram neste perfil para o mercado de trabalho, estas pessoas s\u00e3o direcionadas para o Centro Dia, em que desempenham trabalhos artesanais e de intera\u00e7\u00e3o social para manterem a sua qualidade de vida.<\/p>\t\t\t\t\t\t<\/div>\n\t\t\t\t<\/div>\n\t\t\t\t\t<\/div>\n\t\t\t\t<\/div>\n\t\t\t\t<\/div>\n\t\t","protected":false},"excerpt":{"rendered":"<p>Hist\u00f3ria O Instituto Santa M\u00f4nica \u2013 APAE de Ita\u00fana \u00e9 uma organiza\u00e7\u00e3o n\u00e3o governamental, fundada em 1970, de car\u00e1ter filantr\u00f3pico, que atua nas \u00e1reas de Assist\u00eancia Social, Educa\u00e7\u00e3o e Sa\u00fade. \u00c9 uma entidade parceira dos poderes p\u00fablicos Municipal, Estadual e Federal, atrav\u00e9s de conv\u00eanios. Tem tamb\u00e9m na comunidade, pessoas, com\u00e9rcio e ind\u00fastrias, fonte de sustenta\u00e7\u00e3o [&hellip;]<\/p>\n","protected":false},"author":1,"featured_media":0,"parent":0,"menu_order":0,"comment_status":"closed","ping_status":"closed","template":"","meta":{"footnotes":""},"class_list":["post-457","page","type-page","status-publish","hentry"],"_links":{"self":[{"href":"https:\/\/apaeitaunamg.org.br\/site\/wp-json\/wp\/v2\/pages\/457","targetHints":{"allow":["GET"]}}],"collection":[{"href":"https:\/\/apaeitaunamg.org.br\/site\/wp-json\/wp\/v2\/pages"}],"about":[{"href":"https:\/\/apaeitaunamg.org.br\/site\/wp-json\/wp\/v2\/types\/page"}],"author":[{"embeddable":true,"href":"https:\/\/apaeitaunamg.org.br\/site\/wp-json\/wp\/v2\/users\/1"}],"replies":[{"embeddable":true,"href":"https:\/\/apaeitaunamg.org.br\/site\/wp-json\/wp\/v2\/comments?post=457"}],"version-history":[{"count":13,"href":"https:\/\/apaeitaunamg.org.br\/site\/wp-json\/wp\/v2\/pages\/457\/revisions"}],"predecessor-version":[{"id":1105,"href":"https:\/\/apaeitaunamg.org.br\/site\/wp-json\/wp\/v2\/pages\/457\/revisions\/1105"}],"wp:attachment":[{"href":"https:\/\/apaeitaunamg.org.br\/site\/wp-json\/wp\/v2\/media?parent=457"}],"curies":[{"name":"wp","href":"https:\/\/api.w.org\/{rel}","templated":true}]}}