{"id":889,"date":"2024-10-02T11:34:33","date_gmt":"2024-10-02T14:34:33","guid":{"rendered":"https:\/\/apaeitaunamg.org.br\/site\/?page_id=889"},"modified":"2024-11-05T14:46:06","modified_gmt":"2024-11-05T17:46:06","slug":"doacoes","status":"publish","type":"page","link":"https:\/\/apaeitaunamg.org.br\/site\/doacoes\/","title":{"rendered":"Doa\u00e7\u00f5es"},"content":{"rendered":"\t\t<div data-elementor-type=\"wp-page\" data-elementor-id=\"889\" class=\"elementor elementor-889\" data-elementor-post-type=\"page\">\n\t\t\t\t<div class=\"elementor-element elementor-element-387a7f27 e-flex e-con-boxed e-con e-parent\" data-id=\"387a7f27\" data-element_type=\"container\">\n\t\t\t\t\t<div class=\"e-con-inner\">\n\t\t\t\t<div class=\"elementor-element elementor-element-4bd7da56 elementor-view-default elementor-widget elementor-widget-icon\" data-id=\"4bd7da56\" data-element_type=\"widget\" data-widget_type=\"icon.default\">\n\t\t\t\t<div class=\"elementor-widget-container\">\n\t\t\t\t\t<div class=\"elementor-icon-wrapper\">\n\t\t\t<div class=\"elementor-icon\">\n\t\t\t<svg aria-hidden=\"true\" class=\"e-font-icon-svg e-far-window-maximize\" viewBox=\"0 0 512 512\" xmlns=\"http:\/\/www.w3.org\/2000\/svg\"><path d=\"M464 32H48C21.5 32 0 53.5 0 80v352c0 26.5 21.5 48 48 48h416c26.5 0 48-21.5 48-48V80c0-26.5-21.5-48-48-48zm0 394c0 3.3-2.7 6-6 6H54c-3.3 0-6-2.7-6-6V192h416v234z\"><\/path><\/svg>\t\t\t<\/div>\n\t\t<\/div>\n\t\t\t\t<\/div>\n\t\t\t\t<\/div>\n\t\t\t\t<div class=\"elementor-element elementor-element-1fac5575 elementor-widget elementor-widget-heading\" data-id=\"1fac5575\" data-element_type=\"widget\" data-widget_type=\"heading.default\">\n\t\t\t\t<div class=\"elementor-widget-container\">\n\t\t\t<h2 class=\"elementor-heading-title elementor-size-default\">Fa\u00e7a uma doa\u00e7\u00e3o tranforme vidas!<\/h2>\t\t<\/div>\n\t\t\t\t<\/div>\n\t\t\t\t\t<\/div>\n\t\t\t\t<\/div>\n\t\t<div class=\"elementor-element elementor-element-6878ac78 e-flex e-con-boxed e-con e-parent\" data-id=\"6878ac78\" data-element_type=\"container\">\n\t\t\t\t\t<div class=\"e-con-inner\">\n\t\t\t\t<div class=\"elementor-element elementor-element-a3fba0c elementor-widget elementor-widget-spacer\" data-id=\"a3fba0c\" data-element_type=\"widget\" data-widget_type=\"spacer.default\">\n\t\t\t\t<div class=\"elementor-widget-container\">\n\t\t\t\t\t<div class=\"elementor-spacer\">\n\t\t\t<div class=\"elementor-spacer-inner\"><\/div>\n\t\t<\/div>\n\t\t\t\t<\/div>\n\t\t\t\t<\/div>\n\t\t\t\t\t<\/div>\n\t\t\t\t<\/div>\n\t\t<div class=\"elementor-element elementor-element-f5d7687 e-flex e-con-boxed e-con e-parent\" data-id=\"f5d7687\" data-element_type=\"container\">\n\t\t\t\t\t<div class=\"e-con-inner\">\n\t\t\t\t<div class=\"elementor-element elementor-element-2f14ea80 elementor-widget elementor-widget-text-editor\" data-id=\"2f14ea80\" data-element_type=\"widget\" data-widget_type=\"text-editor.default\">\n\t\t\t\t<div class=\"elementor-widget-container\">\n\t\t\t\t\t\t\t<p>Sua contribui\u00e7\u00e3o faz toda a diferen\u00e7a na vida de muitas fam\u00edlias atendidas pela APAE Ita\u00fana. Com o seu apoio, podemos oferecer cuidados, tratamentos e atividades que promovem o desenvolvimento e bem-estar das pessoas com defici\u00eancia intelectual e m\u00faltipla.<\/p><p>Cada doa\u00e7\u00e3o fortalece nossa miss\u00e3o de inclus\u00e3o, educa\u00e7\u00e3o e cuidado. Ajude-nos a continuar fazendo a diferen\u00e7a!<\/p><p><strong>Doe agora e fa\u00e7a parte dessa transforma\u00e7\u00e3o.<\/strong><br \/>Basta escanear o QR code abaixo e escolher o valor que deseja doar.<\/p><h3>Juntos, podemos mais! <img decoding=\"async\" class=\"emoji\" role=\"img\" draggable=\"false\" src=\"https:\/\/s.w.org\/images\/core\/emoji\/15.0.3\/svg\/1f499.svg\" alt=\"\ud83d\udc99\" \/><\/h3>\t\t\t\t\t\t<\/div>\n\t\t\t\t<\/div>\n\t\t\t\t<div class=\"elementor-element elementor-element-c4c88a0 elementor-widget elementor-widget-image\" data-id=\"c4c88a0\" data-element_type=\"widget\" data-widget_type=\"image.default\">\n\t\t\t\t<div class=\"elementor-widget-container\">\n\t\t\t\t\t\t\t\t\t\t\t\t\t<img fetchpriority=\"high\" decoding=\"async\" width=\"768\" height=\"1084\" src=\"https:\/\/apaeitaunamg.org.br\/site\/wp-content\/uploads\/2024\/10\/QR-CODE-APAE-ITAUNA-768x1084.webp\" class=\"attachment-medium_large size-medium_large wp-image-1036\" alt=\"\" srcset=\"https:\/\/apaeitaunamg.org.br\/site\/wp-content\/uploads\/2024\/10\/QR-CODE-APAE-ITAUNA-768x1084.webp 768w, https:\/\/apaeitaunamg.org.br\/site\/wp-content\/uploads\/2024\/10\/QR-CODE-APAE-ITAUNA-213x300.webp 213w, https:\/\/apaeitaunamg.org.br\/site\/wp-content\/uploads\/2024\/10\/QR-CODE-APAE-ITAUNA-726x1024.webp 726w, https:\/\/apaeitaunamg.org.br\/site\/wp-content\/uploads\/2024\/10\/QR-CODE-APAE-ITAUNA.webp 1000w\" sizes=\"(max-width: 768px) 100vw, 768px\" \/>\t\t\t\t\t\t\t\t\t\t\t\t\t<\/div>\n\t\t\t\t<\/div>\n\t\t\t\t\t<\/div>\n\t\t\t\t<\/div>\n\t\t\t\t<\/div>\n\t\t","protected":false},"excerpt":{"rendered":"<p>Fa\u00e7a uma doa\u00e7\u00e3o tranforme vidas! Sua contribui\u00e7\u00e3o faz toda a diferen\u00e7a na vida de muitas fam\u00edlias atendidas pela APAE Ita\u00fana. Com o seu apoio, podemos oferecer cuidados, tratamentos e atividades que promovem o desenvolvimento e bem-estar das pessoas com defici\u00eancia intelectual e m\u00faltipla. Cada doa\u00e7\u00e3o fortalece nossa miss\u00e3o de inclus\u00e3o, educa\u00e7\u00e3o e cuidado. Ajude-nos a [&hellip;]<\/p>\n","protected":false},"author":1,"featured_media":0,"parent":0,"menu_order":0,"comment_status":"closed","ping_status":"closed","template":"","meta":{"footnotes":""},"class_list":["post-889","page","type-page","status-publish","hentry"],"_links":{"self":[{"href":"https:\/\/apaeitaunamg.org.br\/site\/wp-json\/wp\/v2\/pages\/889","targetHints":{"allow":["GET"]}}],"collection":[{"href":"https:\/\/apaeitaunamg.org.br\/site\/wp-json\/wp\/v2\/pages"}],"about":[{"href":"https:\/\/apaeitaunamg.org.br\/site\/wp-json\/wp\/v2\/types\/page"}],"author":[{"embeddable":true,"href":"https:\/\/apaeitaunamg.org.br\/site\/wp-json\/wp\/v2\/users\/1"}],"replies":[{"embeddable":true,"href":"https:\/\/apaeitaunamg.org.br\/site\/wp-json\/wp\/v2\/comments?post=889"}],"version-history":[{"count":40,"href":"https:\/\/apaeitaunamg.org.br\/site\/wp-json\/wp\/v2\/pages\/889\/revisions"}],"predecessor-version":[{"id":1205,"href":"https:\/\/apaeitaunamg.org.br\/site\/wp-json\/wp\/v2\/pages\/889\/revisions\/1205"}],"wp:attachment":[{"href":"https:\/\/apaeitaunamg.org.br\/site\/wp-json\/wp\/v2\/media?parent=889"}],"curies":[{"name":"wp","href":"https:\/\/api.w.org\/{rel}","templated":true}]}}